{"id":1738,"date":"2024-07-11T11:47:09","date_gmt":"2024-07-11T09:47:09","guid":{"rendered":"https:\/\/moon-hospitality.com\/?page_id=1738"},"modified":"2024-10-22T11:33:01","modified_gmt":"2024-10-22T09:33:01","slug":"etudes-de-cas-moon","status":"publish","type":"page","link":"https:\/\/moon-hospitality.com\/en\/etudes-de-cas-moon\/","title":{"rendered":"Etudes de cas"},"content":{"rendered":"\t\t<div data-elementor-type=\"wp-page\" data-elementor-id=\"1738\" class=\"elementor elementor-1738\" data-elementor-post-type=\"page\">\n\t\t\t\t<div class=\"elementor-element elementor-element-81adeb2 e-flex e-con-boxed elementor-invisible e-con e-parent\" data-id=\"81adeb2\" data-element_type=\"container\" data-e-type=\"container\" data-settings=\"{&quot;animation&quot;:&quot;fadeIn&quot;,&quot;background_background&quot;:&quot;classic&quot;}\">\n\t\t\t\t\t<div class=\"e-con-inner\">\n\t\t\t\t\t<\/div>\n\t\t\t\t<\/div>\n\t\t<div class=\"elementor-element elementor-element-29178e3 e-flex e-con-boxed e-con e-parent\" data-id=\"29178e3\" data-element_type=\"container\" data-e-type=\"container\">\n\t\t\t\t\t<div class=\"e-con-inner\">\n\t\t\t\t<div class=\"elementor-element elementor-element-086145c animated-fast elementor-invisible elementor-widget elementor-widget-heading\" data-id=\"086145c\" data-element_type=\"widget\" data-e-type=\"widget\" data-settings=\"{&quot;_animation&quot;:&quot;fadeInUp&quot;}\" data-widget_type=\"heading.default\">\n\t\t\t\t<div class=\"elementor-widget-container\">\n\t\t\t\t\t<h1 class=\"elementor-heading-title elementor-size-default\">Nos \u00e9tudes de cas<\/h1>\t\t\t\t<\/div>\n\t\t\t\t<\/div>\n\t\t\t\t<div class=\"elementor-element elementor-element-681ea55 animated-fast elementor-invisible elementor-widget elementor-widget-html\" data-id=\"681ea55\" data-element_type=\"widget\" data-e-type=\"widget\" data-settings=\"{&quot;_animation&quot;:&quot;fadeInUp&quot;,&quot;_animation_delay&quot;:50}\" data-widget_type=\"html.default\">\n\t\t\t\t<div class=\"elementor-widget-container\">\n\t\t\t\t\t<div class=\"container-line\">\n    <div class=\"title-line\">\n        <svg height=\"10\">\n            <line x1=\"0\" y1=\"5\" x2=\"100%\" y2=\"5\" \/>\n            <circle cx=\"100%\" cy=\"5\" r=\"5\"\/>\n        <\/svg>\n    <\/div>\n    <h3>Nos \u00e9tudes de cas sur les r\u00e9alisations sign\u00e9es Moon Hospitality, \u00e0 d\u00e9couvrir prochainement<\/h3>\n<\/div>\t\t\t\t<\/div>\n\t\t\t\t<\/div>\n\t\t\t\t<div class=\"elementor-element elementor-element-b3192b0 animated-fast elementor-invisible elementor-widget elementor-widget-text-editor\" data-id=\"b3192b0\" data-element_type=\"widget\" data-e-type=\"widget\" data-settings=\"{&quot;_animation&quot;:&quot;fadeInUp&quot;,&quot;_animation_delay&quot;:100}\" data-widget_type=\"text-editor.default\">\n\t\t\t\t<div class=\"elementor-widget-container\">\n\t\t\t\t\t\t\t\t\t<p>Chez Moon Hospitality, nous croyons fermement que le <strong>partage des connaissances<\/strong> et de <strong>nos best practices est essentiel pour participer \u00e0 l\u2019avanc\u00e9e de l&rsquo;industrie h\u00f4teli\u00e8re<\/strong>. C&rsquo;est pourquoi nous avons d\u00e9velopp\u00e9 une s\u00e9rie d\u2019\u00e9tudes de cas, con\u00e7us pour offrir des <strong>insights approfondis et des analyses d\u00e9taill\u00e9es sur nos r\u00e9alisations, innovations technologiques et nos strat\u00e9gies de gestion h\u00f4teli\u00e8re<\/strong>.<\/p>\n<p>Ces \u00e9tudes couvrent un large \u00e9ventail de sujets, allant de l&rsquo;optimisation des op\u00e9rations h\u00f4teli\u00e8res \u00e0 la cr\u00e9ation d&rsquo;exp\u00e9riences client m\u00e9morables, en passant par les techniques de marketing digital et les pratiques de d\u00e9veloppement durable.<\/p>\t\t\t\t\t\t\t\t<\/div>\n\t\t\t\t<\/div>\n\t\t\t\t<div class=\"jet-popup-target elementor-element elementor-element-ba106e0 elementor-align-center elementor-widget elementor-widget-button\" data-jet-popup=\"{&quot;attached-popup&quot;:&quot;jet-popup-7577&quot;,&quot;trigger-type&quot;:&quot;click&quot;,&quot;trigger-custom-selector&quot;:&quot;&quot;}\" data-id=\"ba106e0\" data-element_type=\"widget\" data-e-type=\"widget\" data-widget_type=\"button.default\">\n\t\t\t\t<div class=\"elementor-widget-container\">\n\t\t\t\t\t\t\t\t\t<div class=\"elementor-button-wrapper\">\n\t\t\t\t\t<a class=\"elementor-button elementor-button-link elementor-size-sm\" href=\"https:\/\/moon-hospitality.com\/jet-popup\/coming-soon\/\">\n\t\t\t\t\t\t<span class=\"elementor-button-content-wrapper\">\n\t\t\t\t\t\t\t\t\t<span class=\"elementor-button-text\">\u00eatre inform\u00e9<\/span>\n\t\t\t\t\t<\/span>\n\t\t\t\t\t<\/a>\n\t\t\t\t<\/div>\n\t\t\t\t\t\t\t\t<\/div>\n\t\t\t\t<\/div>\n\t\t\t\t\t<\/div>\n\t\t\t\t<\/div>\n\t\t<div class=\"elementor-element elementor-element-95f0cf5 e-con-full elementor-hidden-desktop elementor-hidden-tablet elementor-hidden-mobile e-flex elementor-invisible e-con e-parent\" data-id=\"95f0cf5\" data-element_type=\"container\" data-e-type=\"container\" data-settings=\"{&quot;animation&quot;:&quot;fadeIn&quot;}\">\n\t\t\t\t<div class=\"elementor-element elementor-element-f5b4300 elementor-pagination-position-inside elementor-pagination-type-bullets elementor-arrows-position-inside elementor-widget elementor-widget-loop-carousel\" data-id=\"f5b4300\" data-element_type=\"widget\" data-e-type=\"widget\" data-settings=\"{&quot;template_id&quot;:1753,&quot;slides_to_show&quot;:&quot;1&quot;,&quot;autoplay_speed&quot;:10000,&quot;_skin&quot;:&quot;post&quot;,&quot;slides_to_show_tablet&quot;:&quot;2&quot;,&quot;slides_to_show_mobile&quot;:&quot;1&quot;,&quot;slides_to_scroll&quot;:&quot;1&quot;,&quot;edit_handle_selector&quot;:&quot;.elementor-loop-container&quot;,&quot;autoplay&quot;:&quot;yes&quot;,&quot;infinite&quot;:&quot;yes&quot;,&quot;speed&quot;:500,&quot;offset_sides&quot;:&quot;none&quot;,&quot;arrows&quot;:&quot;yes&quot;,&quot;pagination&quot;:&quot;bullets&quot;,&quot;image_spacing_custom&quot;:{&quot;unit&quot;:&quot;px&quot;,&quot;size&quot;:10,&quot;sizes&quot;:[]},&quot;image_spacing_custom_tablet&quot;:{&quot;unit&quot;:&quot;px&quot;,&quot;size&quot;:&quot;&quot;,&quot;sizes&quot;:[]},&quot;image_spacing_custom_mobile&quot;:{&quot;unit&quot;:&quot;px&quot;,&quot;size&quot;:&quot;&quot;,&quot;sizes&quot;:[]}}\" data-widget_type=\"loop-carousel.post\">\n\t\t\t\t<div class=\"elementor-widget-container\">\n\t\t\t\t\t\t\t<div class=\"e-loop-nothing-found-message\">\n\t\t<\/div>\n\t\t\t\t\t\t<\/div>\n\t\t\t\t<\/div>\n\t\t\t\t<\/div>\n\t\t<div class=\"elementor-element elementor-element-037646c e-flex e-con-boxed e-con e-parent\" data-id=\"037646c\" data-element_type=\"container\" data-e-type=\"container\">\n\t\t\t\t\t<div class=\"e-con-inner\">\n\t\t\t\t<div class=\"elementor-element elementor-element-9f47dfa animated-fast elementor-invisible elementor-widget elementor-widget-heading\" data-id=\"9f47dfa\" data-element_type=\"widget\" data-e-type=\"widget\" data-settings=\"{&quot;_animation&quot;:&quot;fadeInUp&quot;}\" data-widget_type=\"heading.default\">\n\t\t\t\t<div class=\"elementor-widget-container\">\n\t\t\t\t\t<h2 class=\"elementor-heading-title elementor-size-default\">toutes nos \u00e9tudes de cas<\/h2>\t\t\t\t<\/div>\n\t\t\t\t<\/div>\n\t\t\t\t<div class=\"elementor-element elementor-element-cea2887 animated-fast elementor-invisible elementor-widget elementor-widget-html\" data-id=\"cea2887\" data-element_type=\"widget\" data-e-type=\"widget\" data-settings=\"{&quot;_animation&quot;:&quot;fadeInUp&quot;,&quot;_animation_delay&quot;:50}\" data-widget_type=\"html.default\">\n\t\t\t\t<div class=\"elementor-widget-container\">\n\t\t\t\t\t<div class=\"container-line\">\n    <div class=\"title-line\">\n        <svg height=\"10\">\n            <line x1=\"0\" y1=\"5\" x2=\"100%\" y2=\"5\" \/>\n            <circle cx=\"100%\" cy=\"5\" r=\"5\"\/>\n        <\/svg>\n    <\/div>\n    <h3>D\u00e9couvrez l\u2019ensemble de nos recherches & \u00e9tudes<\/h3>\n<\/div>\t\t\t\t<\/div>\n\t\t\t\t<\/div>\n\t\t\t\t<div class=\"elementor-element elementor-element-d70dab1 elementor-invisible elementor-widget elementor-widget-taxonomy-filter\" data-id=\"d70dab1\" data-element_type=\"widget\" data-e-type=\"widget\" data-settings=\"{&quot;selected_element&quot;:&quot;48b3c99&quot;,&quot;taxonomy&quot;:&quot;categorie_etude_de_cas&quot;,&quot;_animation&quot;:&quot;fadeInUp&quot;,&quot;_animation_delay&quot;:100,&quot;horizontal_scroll&quot;:&quot;enable&quot;,&quot;multiple_selection&quot;:&quot;no&quot;}\" data-widget_type=\"taxonomy-filter.default\">\n\t\t\t\t<div class=\"elementor-widget-container\">\n\t\t\t\t\t\t\t<search class=\"e-filter\" role=\"search\" data-base-url=\"https:\/\/moon-hospitality.com\/en\/\" data-page-num=\"1\">\n\t\t\t\t\t\t\t<button class=\"e-filter-item\" data-filter=\"investissement-hotelier\" aria-pressed=\"false\">Investissement H\u00f4telier<\/button>\n\t\t\t\n\t\t\t\t\t\t\t\t\t<button class=\"e-filter-item\" data-filter=\"__all\" aria-pressed=\"true\">\n\t\t\t\tTous\t\t\t<\/button>\n\t\t\t\t\t<\/search>\n\t\t\t\t\t\t<\/div>\n\t\t\t\t<\/div>\n\t\t\t\t<div class=\"elementor-element elementor-element-48b3c99 elementor-grid-3 animated-fast elementor-grid-tablet-2 elementor-grid-mobile-1 elementor-invisible elementor-widget elementor-widget-loop-grid\" data-id=\"48b3c99\" data-element_type=\"widget\" data-e-type=\"widget\" data-settings=\"{&quot;template_id&quot;:1787,&quot;columns&quot;:3,&quot;_animation&quot;:&quot;fadeInUp&quot;,&quot;_animation_delay&quot;:150,&quot;_skin&quot;:&quot;post&quot;,&quot;columns_tablet&quot;:&quot;2&quot;,&quot;columns_mobile&quot;:&quot;1&quot;,&quot;edit_handle_selector&quot;:&quot;[data-elementor-type=\\&quot;loop-item\\&quot;]&quot;,&quot;row_gap&quot;:{&quot;unit&quot;:&quot;px&quot;,&quot;size&quot;:&quot;&quot;,&quot;sizes&quot;:[]},&quot;row_gap_tablet&quot;:{&quot;unit&quot;:&quot;px&quot;,&quot;size&quot;:&quot;&quot;,&quot;sizes&quot;:[]},&quot;row_gap_mobile&quot;:{&quot;unit&quot;:&quot;px&quot;,&quot;size&quot;:&quot;&quot;,&quot;sizes&quot;:[]}}\" data-widget_type=\"loop-grid.post\">\n\t\t\t\t<div class=\"elementor-widget-container\">\n\t\t\t\t\t\t\t<div class=\"e-loop-nothing-found-message\">\n\t\t<\/div>\n\t\t\t\t\t\t<\/div>\n\t\t\t\t<\/div>\n\t\t\t\t\t<\/div>\n\t\t\t\t<\/div>\n\t\t<div class=\"elementor-element elementor-element-2753844 animated-fast e-flex e-con-boxed elementor-invisible e-con e-parent\" data-id=\"2753844\" data-element_type=\"container\" data-e-type=\"container\" data-settings=\"{&quot;animation&quot;:&quot;slideInUp&quot;,&quot;animation_delay&quot;:200}\">\n\t\t\t\t\t<div class=\"e-con-inner\">\n\t\t\t\t<div class=\"elementor-element elementor-element-4cf80e0 elementor-widget elementor-widget-heading\" data-id=\"4cf80e0\" data-element_type=\"widget\" data-e-type=\"widget\" data-widget_type=\"heading.default\">\n\t\t\t\t<div class=\"elementor-widget-container\">\n\t\t\t\t\t<h2 class=\"elementor-heading-title elementor-size-default\">explorez notre univers<\/h2>\t\t\t\t<\/div>\n\t\t\t\t<\/div>\n\t\t\t\t<div class=\"elementor-element elementor-element-6952720 elementor-widget elementor-widget-html\" data-id=\"6952720\" data-element_type=\"widget\" data-e-type=\"widget\" data-widget_type=\"html.default\">\n\t\t\t\t<div class=\"elementor-widget-container\">\n\t\t\t\t\t<div class=\"container-line\">\n    <div class=\"title-line\">\n        <svg height=\"10\">\n            <line x1=\"0\" y1=\"5\" x2=\"100%\" y2=\"5\" \/>\n            <circle cx=\"100%\" cy=\"5\" r=\"5\"\/>\n        <\/svg>\n    <\/div>\n    <h3>Plongez dans la diversit\u00e9 de Moon hospitality<\/h3>\n<\/div>\t\t\t\t<\/div>\n\t\t\t\t<\/div>\n\t\t\t\t<div class=\"elementor-element elementor-element-5b58c0f elementor-pagination-type-bullets elementor-arrows-position-inside elementor-pagination-position-outside elementor-widget elementor-widget-n-carousel\" data-id=\"5b58c0f\" data-element_type=\"widget\" data-e-type=\"widget\" data-settings=\"{&quot;carousel_items&quot;:[{&quot;slide_title&quot;:&quot;Diapositive N\\u00b01&quot;,&quot;_id&quot;:&quot;c452ab2&quot;},{&quot;slide_title&quot;:&quot;Diapositive N\\u00b02&quot;,&quot;_id&quot;:&quot;4ed7c61&quot;},{&quot;slide_title&quot;:&quot;Diapositive N\\u00b03&quot;,&quot;_id&quot;:&quot;37a62b7&quot;}],&quot;image_spacing_custom&quot;:{&quot;unit&quot;:&quot;px&quot;,&quot;size&quot;:20,&quot;sizes&quot;:[]},&quot;image_spacing_custom_tablet&quot;:{&quot;unit&quot;:&quot;px&quot;,&quot;size&quot;:20,&quot;sizes&quot;:[]},&quot;slides_to_show_tablet&quot;:&quot;2&quot;,&quot;slides_to_show_mobile&quot;:&quot;1&quot;,&quot;speed&quot;:500,&quot;arrows&quot;:&quot;yes&quot;,&quot;pagination&quot;:&quot;bullets&quot;,&quot;image_spacing_custom_mobile&quot;:{&quot;unit&quot;:&quot;px&quot;,&quot;size&quot;:&quot;&quot;,&quot;sizes&quot;:[]}}\" data-widget_type=\"nested-carousel.default\">\n\t\t\t\t<div class=\"elementor-widget-container\">\n\t\t\t\t\t\t\t<div class=\"e-n-carousel swiper\" role=\"region\" aria-roledescription=\"carousel\" aria-label=\"Carousel\" dir=\"ltr\">\n\t\t\t<div class=\"swiper-wrapper\" aria-live=\"polite\">\n\t\t\t\t\t\t\t\t\t\t<div class=\"swiper-slide\" data-slide=\"1\" role=\"group\" aria-roledescription=\"slide\" aria-label=\"1 of 3\">\n\t\t\t\t\t\t\t<div class=\"elementor-element elementor-element-64c7aaa e-flex e-con-boxed e-con e-child\" data-id=\"64c7aaa\" data-element_type=\"container\" data-e-type=\"container\">\n\t\t\t\t\t<div class=\"e-con-inner\">\n\t\t<a class=\"elementor-element elementor-element-360c8e1 e-con-full e-flex e-con e-child\" data-id=\"360c8e1\" data-element_type=\"container\" data-e-type=\"container\" href=\"https:\/\/moon-hospitality.com\/en\/groupe-hotelier\/\">\n\t\t<div class=\"elementor-element elementor-element-e64c936 e-con-full e-flex e-con e-child\" data-id=\"e64c936\" data-element_type=\"container\" data-e-type=\"container\">\n\t\t<div class=\"elementor-element elementor-element-b2099ac e-con-full e-flex e-con e-child\" data-id=\"b2099ac\" data-element_type=\"container\" data-e-type=\"container\">\n\t\t\t\t<div class=\"elementor-element elementor-element-d473c90 elementor-widget elementor-widget-heading\" data-id=\"d473c90\" data-element_type=\"widget\" data-e-type=\"widget\" data-widget_type=\"heading.default\">\n\t\t\t\t<div class=\"elementor-widget-container\">\n\t\t\t\t\t<h4 class=\"elementor-heading-title elementor-size-default\">Le groupe<\/h4>\t\t\t\t<\/div>\n\t\t\t\t<\/div>\n\t\t\t\t<div class=\"elementor-element elementor-element-883e2fd elementor-widget elementor-widget-text-editor\" data-id=\"883e2fd\" data-element_type=\"widget\" data-e-type=\"widget\" data-widget_type=\"text-editor.default\">\n\t\t\t\t<div class=\"elementor-widget-container\">\n\t\t\t\t\t\t\t\t\t<p>Architecte d\u2019exp\u00e9riences<\/p>\t\t\t\t\t\t\t\t<\/div>\n\t\t\t\t<\/div>\n\t\t\t\t<\/div>\n\t\t\t\t<\/div>\n\t\t\t\t<div class=\"elementor-element elementor-element-158bde9 elementor-widget elementor-widget-image\" data-id=\"158bde9\" data-element_type=\"widget\" data-e-type=\"widget\" data-widget_type=\"image.default\">\n\t\t\t\t<div class=\"elementor-widget-container\">\n\t\t\t\t\t\t\t\t\t\t\t\t\t\t\t<img fetchpriority=\"high\" decoding=\"async\" width=\"780\" height=\"618\" src=\"https:\/\/moon-hospitality.com\/wp-content\/uploads\/2024\/08\/chiffres-moon-hospitality.webp\" class=\"attachment-large size-large wp-image-5337\" alt=\"Chiffres - Moon Hospitality\" srcset=\"https:\/\/moon-hospitality.com\/wp-content\/uploads\/2024\/08\/chiffres-moon-hospitality.webp 780w, https:\/\/moon-hospitality.com\/wp-content\/uploads\/2024\/08\/chiffres-moon-hospitality-768x608.webp 768w, https:\/\/moon-hospitality.com\/wp-content\/uploads\/2024\/08\/chiffres-moon-hospitality-15x12.webp 15w\" sizes=\"(max-width: 780px) 100vw, 780px\" \/>\t\t\t\t\t\t\t\t\t\t\t\t\t\t\t<\/div>\n\t\t\t\t<\/div>\n\t\t\t\t<\/a>\n\t\t\t\t\t<\/div>\n\t\t\t\t<\/div>\n\t\t\t\t\t\t\t\t<\/div>\n\t\t\t\t\t\t\t\t\t\t\t<div class=\"swiper-slide\" data-slide=\"2\" role=\"group\" aria-roledescription=\"slide\" aria-label=\"2 of 3\">\n\t\t\t\t\t\t\t<div class=\"elementor-element elementor-element-060c793 e-flex e-con-boxed e-con e-child\" data-id=\"060c793\" data-element_type=\"container\" data-e-type=\"container\">\n\t\t\t\t\t<div class=\"e-con-inner\">\n\t\t<a class=\"elementor-element elementor-element-10f0a80 e-con-full e-flex e-con e-child\" data-id=\"10f0a80\" data-element_type=\"container\" data-e-type=\"container\" href=\"https:\/\/moon-hospitality.com\/en\/differenciation\/vision\/\">\n\t\t<div class=\"elementor-element elementor-element-a9225d7 e-con-full e-flex e-con e-child\" data-id=\"a9225d7\" data-element_type=\"container\" data-e-type=\"container\">\n\t\t<div class=\"elementor-element elementor-element-50fdcdd e-con-full e-flex e-con e-child\" data-id=\"50fdcdd\" data-element_type=\"container\" data-e-type=\"container\">\n\t\t\t\t<div class=\"elementor-element elementor-element-648ca33 elementor-widget elementor-widget-heading\" data-id=\"648ca33\" data-element_type=\"widget\" data-e-type=\"widget\" data-widget_type=\"heading.default\">\n\t\t\t\t<div class=\"elementor-widget-container\">\n\t\t\t\t\t<h4 class=\"elementor-heading-title elementor-size-default\">Vision<\/h4>\t\t\t\t<\/div>\n\t\t\t\t<\/div>\n\t\t\t\t<div class=\"elementor-element elementor-element-cd0639f elementor-widget elementor-widget-text-editor\" data-id=\"cd0639f\" data-element_type=\"widget\" data-e-type=\"widget\" data-widget_type=\"text-editor.default\">\n\t\t\t\t<div class=\"elementor-widget-container\">\n\t\t\t\t\t\t\t\t\t<p>Red\u00e9finir l\u2019exp\u00e9rience h\u00f4teli\u00e8re<\/p>\t\t\t\t\t\t\t\t<\/div>\n\t\t\t\t<\/div>\n\t\t\t\t<\/div>\n\t\t\t\t<\/div>\n\t\t\t\t<div class=\"elementor-element elementor-element-cfc004c elementor-widget elementor-widget-image\" data-id=\"cfc004c\" data-element_type=\"widget\" data-e-type=\"widget\" data-widget_type=\"image.default\">\n\t\t\t\t<div class=\"elementor-widget-container\">\n\t\t\t\t\t\t\t\t\t\t\t\t\t\t\t<img decoding=\"async\" width=\"780\" height=\"618\" src=\"https:\/\/moon-hospitality.com\/wp-content\/uploads\/2024\/08\/valeurs-moon-hospitality.webp\" class=\"attachment-large size-large wp-image-5324\" alt=\"Valeurs - Moon Hospitality\" srcset=\"https:\/\/moon-hospitality.com\/wp-content\/uploads\/2024\/08\/valeurs-moon-hospitality.webp 780w, https:\/\/moon-hospitality.com\/wp-content\/uploads\/2024\/08\/valeurs-moon-hospitality-768x608.webp 768w, https:\/\/moon-hospitality.com\/wp-content\/uploads\/2024\/08\/valeurs-moon-hospitality-15x12.webp 15w\" sizes=\"(max-width: 780px) 100vw, 780px\" \/>\t\t\t\t\t\t\t\t\t\t\t\t\t\t\t<\/div>\n\t\t\t\t<\/div>\n\t\t\t\t<\/a>\n\t\t\t\t\t<\/div>\n\t\t\t\t<\/div>\n\t\t\t\t\t\t\t\t<\/div>\n\t\t\t\t\t\t\t\t\t\t\t<div class=\"swiper-slide\" data-slide=\"3\" role=\"group\" aria-roledescription=\"slide\" aria-label=\"3 of 3\">\n\t\t\t\t\t\t\t<div class=\"elementor-element elementor-element-4f58a09 e-flex e-con-boxed e-con e-child\" data-id=\"4f58a09\" data-element_type=\"container\" data-e-type=\"container\">\n\t\t\t\t\t<div class=\"e-con-inner\">\n\t\t<a class=\"elementor-element elementor-element-8f14e41 e-con-full e-flex e-con e-child\" data-id=\"8f14e41\" data-element_type=\"container\" data-e-type=\"container\" href=\"https:\/\/moon-hospitality.com\/en\/groupe-hotelier\/histoire\/\">\n\t\t<div class=\"elementor-element elementor-element-8e52c49 e-con-full e-flex e-con e-child\" data-id=\"8e52c49\" data-element_type=\"container\" data-e-type=\"container\">\n\t\t<div class=\"elementor-element elementor-element-3816d87 e-con-full e-flex e-con e-child\" data-id=\"3816d87\" data-element_type=\"container\" data-e-type=\"container\">\n\t\t\t\t<div class=\"elementor-element elementor-element-b118340 elementor-widget elementor-widget-heading\" data-id=\"b118340\" data-element_type=\"widget\" data-e-type=\"widget\" data-widget_type=\"heading.default\">\n\t\t\t\t<div class=\"elementor-widget-container\">\n\t\t\t\t\t<h4 class=\"elementor-heading-title elementor-size-default\">L\u2019histoire<\/h4>\t\t\t\t<\/div>\n\t\t\t\t<\/div>\n\t\t\t\t<div class=\"elementor-element elementor-element-b0e3bfd elementor-widget elementor-widget-text-editor\" data-id=\"b0e3bfd\" data-element_type=\"widget\" data-e-type=\"widget\" data-widget_type=\"text-editor.default\">\n\t\t\t\t<div class=\"elementor-widget-container\">\n\t\t\t\t\t\t\t\t\t<p>Propri\u00e9taire-exploitant depuis 1972<\/p>\t\t\t\t\t\t\t\t<\/div>\n\t\t\t\t<\/div>\n\t\t\t\t<\/div>\n\t\t\t\t<\/div>\n\t\t\t\t<div class=\"elementor-element elementor-element-d41e1ea elementor-widget elementor-widget-image\" data-id=\"d41e1ea\" data-element_type=\"widget\" data-e-type=\"widget\" data-widget_type=\"image.default\">\n\t\t\t\t<div class=\"elementor-widget-container\">\n\t\t\t\t\t\t\t\t\t\t\t\t\t\t\t<img decoding=\"async\" width=\"780\" height=\"618\" src=\"https:\/\/moon-hospitality.com\/wp-content\/uploads\/2024\/08\/investir-avec-nous-moon-hospitality.webp\" class=\"attachment-large size-large wp-image-5369\" alt=\"Investir avec nous - Moon - Hospitality\" srcset=\"https:\/\/moon-hospitality.com\/wp-content\/uploads\/2024\/08\/investir-avec-nous-moon-hospitality.webp 780w, https:\/\/moon-hospitality.com\/wp-content\/uploads\/2024\/08\/investir-avec-nous-moon-hospitality-768x608.webp 768w, https:\/\/moon-hospitality.com\/wp-content\/uploads\/2024\/08\/investir-avec-nous-moon-hospitality-15x12.webp 15w\" sizes=\"(max-width: 780px) 100vw, 780px\" \/>\t\t\t\t\t\t\t\t\t\t\t\t\t\t\t<\/div>\n\t\t\t\t<\/div>\n\t\t\t\t<\/a>\n\t\t\t\t\t<\/div>\n\t\t\t\t<\/div>\n\t\t\t\t\t\t\t\t<\/div>\n\t\t\t\t\t\t\t\t<\/div>\n\t\t<\/div>\n\t\t\t\t\t<div class=\"elementor-swiper-button elementor-swiper-button-prev\" role=\"button\" tabindex=\"0\" aria-label=\"Previous\">\n\t\t\t\t<svg aria-hidden=\"true\" class=\"e-font-icon-svg e-eicon-chevron-left\" viewBox=\"0 0 1000 1000\" xmlns=\"http:\/\/www.w3.org\/2000\/svg\"><path d=\"M646 125C629 125 613 133 604 142L308 442C296 454 292 471 292 487 292 504 296 521 308 533L604 854C617 867 629 875 646 875 663 875 679 871 692 858 704 846 713 829 713 812 713 796 708 779 692 767L438 487 692 225C700 217 708 204 708 187 708 171 704 154 692 142 675 129 663 125 646 125Z\"><\/path><\/svg>\t\t\t<\/div>\n\t\t\t<div class=\"elementor-swiper-button elementor-swiper-button-next\" role=\"button\" tabindex=\"0\" aria-label=\"Next\">\n\t\t\t\t<svg aria-hidden=\"true\" class=\"e-font-icon-svg e-eicon-chevron-right\" viewBox=\"0 0 1000 1000\" xmlns=\"http:\/\/www.w3.org\/2000\/svg\"><path d=\"M696 533C708 521 713 504 713 487 713 471 708 454 696 446L400 146C388 133 375 125 354 125 338 125 325 129 313 142 300 154 292 171 292 187 292 204 296 221 308 233L563 492 304 771C292 783 288 800 288 817 288 833 296 850 308 863 321 871 338 875 354 875 371 875 388 867 400 854L696 533Z\"><\/path><\/svg>\t\t\t<\/div>\n\t\t\t\t\t<div class=\"swiper-pagination\"><\/div>\n\t\t\t\t\t\t<\/div>\n\t\t\t\t<\/div>\n\t\t\t\t\t<\/div>\n\t\t\t\t<\/div>\n\t\t\t\t<\/div>\n\t\t","protected":false},"excerpt":{"rendered":"<p>Nos \u00e9tudes de cas Nos \u00e9tudes de cas sur les r\u00e9alisations sign\u00e9es Moon Hospitality, \u00e0 d\u00e9couvrir prochainement Chez Moon Hospitality, nous croyons fermement que le partage des connaissances et de nos best practices est essentiel pour participer \u00e0 l\u2019avanc\u00e9e de l&rsquo;industrie h\u00f4teli\u00e8re. C&rsquo;est pourquoi nous avons d\u00e9velopp\u00e9 une s\u00e9rie d\u2019\u00e9tudes de cas, con\u00e7us pour offrir [&hellip;]<\/p>\n","protected":false},"author":1,"featured_media":0,"parent":0,"menu_order":10,"comment_status":"closed","ping_status":"closed","template":"","meta":{"_seopress_robots_primary_cat":"","_seopress_titles_title":"Moon Hospitality | Nos \u00e9tudes de cas","_seopress_titles_desc":"D\u00e9couvrez nos \u00e9tudes de cas bas\u00e9es sur nos strat\u00e9gies et exp\u00e9riences h\u00f4teli\u00e8res, des analyses d\u00e9taill\u00e9es sur nos r\u00e9alisations et innovations technologiques.","_seopress_robots_index":"","_uf_show_specific_survey":0,"_uf_disable_surveys":false,"footnotes":""},"class_list":["post-1738","page","type-page","status-publish","hentry"],"_links":{"self":[{"href":"https:\/\/moon-hospitality.com\/en\/wp-json\/wp\/v2\/pages\/1738","targetHints":{"allow":["GET"]}}],"collection":[{"href":"https:\/\/moon-hospitality.com\/en\/wp-json\/wp\/v2\/pages"}],"about":[{"href":"https:\/\/moon-hospitality.com\/en\/wp-json\/wp\/v2\/types\/page"}],"author":[{"embeddable":true,"href":"https:\/\/moon-hospitality.com\/en\/wp-json\/wp\/v2\/users\/1"}],"replies":[{"embeddable":true,"href":"https:\/\/moon-hospitality.com\/en\/wp-json\/wp\/v2\/comments?post=1738"}],"version-history":[{"count":0,"href":"https:\/\/moon-hospitality.com\/en\/wp-json\/wp\/v2\/pages\/1738\/revisions"}],"wp:attachment":[{"href":"https:\/\/moon-hospitality.com\/en\/wp-json\/wp\/v2\/media?parent=1738"}],"curies":[{"name":"wp","href":"https:\/\/api.w.org\/{rel}","templated":true}]}}