{"id":33,"date":"2024-06-17T13:11:00","date_gmt":"2024-06-17T11:11:00","guid":{"rendered":"https:\/\/moon-hospitality.com\/?page_id=33"},"modified":"2024-10-22T11:52:59","modified_gmt":"2024-10-22T09:52:59","slug":"politique-de-confidentialite","status":"publish","type":"page","link":"https:\/\/moon-hospitality.com\/en\/politique-de-confidentialite\/","title":{"rendered":"Politique de confidentialit\u00e9"},"content":{"rendered":"","protected":false},"excerpt":{"rendered":"","protected":false},"author":1,"featured_media":0,"parent":0,"menu_order":0,"comment_status":"closed","ping_status":"closed","template":"","meta":{"_seopress_robots_primary_cat":"","_seopress_titles_title":"Moon Hospitality | Politique de confidentialit\u00e9","_seopress_titles_desc":"La politique de confidentialit\u00e9 de Moon Hospitality explique comment nous prot\u00e9geons vos donn\u00e9es personnelles conform\u00e9ment aux r\u00e9glementations en vigueur.","_seopress_robots_index":"","_uf_show_specific_survey":0,"_uf_disable_surveys":false,"footnotes":""},"class_list":["post-33","page","type-page","status-publish","hentry"],"_links":{"self":[{"href":"https:\/\/moon-hospitality.com\/en\/wp-json\/wp\/v2\/pages\/33","targetHints":{"allow":["GET"]}}],"collection":[{"href":"https:\/\/moon-hospitality.com\/en\/wp-json\/wp\/v2\/pages"}],"about":[{"href":"https:\/\/moon-hospitality.com\/en\/wp-json\/wp\/v2\/types\/page"}],"author":[{"embeddable":true,"href":"https:\/\/moon-hospitality.com\/en\/wp-json\/wp\/v2\/users\/1"}],"replies":[{"embeddable":true,"href":"https:\/\/moon-hospitality.com\/en\/wp-json\/wp\/v2\/comments?post=33"}],"version-history":[{"count":0,"href":"https:\/\/moon-hospitality.com\/en\/wp-json\/wp\/v2\/pages\/33\/revisions"}],"wp:attachment":[{"href":"https:\/\/moon-hospitality.com\/en\/wp-json\/wp\/v2\/media?parent=33"}],"curies":[{"name":"wp","href":"https:\/\/api.w.org\/{rel}","templated":true}]}}